{"id":3882,"date":"2026-03-24T15:16:32","date_gmt":"2026-03-24T14:16:32","guid":{"rendered":"https:\/\/greatseptember.pl\/2026\/?page_id=3882"},"modified":"2026-03-24T15:16:51","modified_gmt":"2026-03-24T14:16:51","slug":"places","status":"publish","type":"page","link":"https:\/\/greatseptember.pl\/en\/places\/","title":{"rendered":"Places"},"content":{"rendered":"","protected":false},"excerpt":{"rendered":"","protected":false},"author":1,"featured_media":0,"parent":0,"menu_order":0,"comment_status":"closed","ping_status":"closed","template":"templates\/miejsca.php","meta":{"_monsterinsights_skip_tracking":false,"_monsterinsights_sitenote_active":false,"_monsterinsights_sitenote_note":"","_monsterinsights_sitenote_category":0,"footnotes":""},"class_list":["post-3882","page","type-page","status-publish","hentry"],"acf":[],"yoast_head":"<!-- This site is optimized with the Yoast SEO plugin v27.2 - https:\/\/yoast.com\/product\/yoast-seo-wordpress\/ -->\n<title>Places - Great September<\/title>\n<meta name=\"robots\" content=\"index, follow, max-snippet:-1, max-image-preview:large, max-video-preview:-1\" \/>\n<link rel=\"canonical\" href=\"https:\/\/greatseptember.pl\/en\/miejsca\/\" \/>\n<meta property=\"og:locale\" content=\"en_US\" \/>\n<meta property=\"og:type\" content=\"article\" \/>\n<meta property=\"og:title\" content=\"Places - Great September\" \/>\n<meta property=\"og:url\" content=\"https:\/\/greatseptember.pl\/miejsca\/\" \/>\n<meta property=\"og:site_name\" content=\"Great September\" \/>\n<meta property=\"article:modified_time\" content=\"2026-03-24T14:16:51+00:00\" \/>\n<meta property=\"og:image\" content=\"https:\/\/greatseptember.pl\/2026\/wp-content\/uploads\/2022\/04\/ikona-facebook-1024x538.jpg\" \/>\n<meta name=\"twitter:card\" content=\"summary_large_image\" \/>\n<script type=\"application\/ld+json\" class=\"yoast-schema-graph\">{\"@context\":\"https:\/\/schema.org\",\"@graph\":[{\"@type\":\"WebPage\",\"@id\":\"https:\/\/greatseptember.pl\/miejsca\/\",\"url\":\"https:\/\/greatseptember.pl\/miejsca\/\",\"name\":\"Places - Great September\",\"isPartOf\":{\"@id\":\"https:\/\/greatseptember.pl\/#website\"},\"datePublished\":\"2026-03-24T14:16:32+00:00\",\"dateModified\":\"2026-03-24T14:16:51+00:00\",\"breadcrumb\":{\"@id\":\"https:\/\/greatseptember.pl\/miejsca\/#breadcrumb\"},\"inLanguage\":\"en-US\",\"potentialAction\":[{\"@type\":\"ReadAction\",\"target\":[\"https:\/\/greatseptember.pl\/miejsca\/\"]}]},{\"@type\":\"BreadcrumbList\",\"@id\":\"https:\/\/greatseptember.pl\/miejsca\/#breadcrumb\",\"itemListElement\":[{\"@type\":\"ListItem\",\"position\":1,\"name\":\"Strona g\u0142\u00f3wna\",\"item\":\"https:\/\/greatseptember.pl\/en\/\"},{\"@type\":\"ListItem\",\"position\":2,\"name\":\"Places\"}]},{\"@type\":\"WebSite\",\"@id\":\"https:\/\/greatseptember.pl\/#website\",\"url\":\"https:\/\/greatseptember.pl\/\",\"name\":\"Great September\",\"description\":\"Great September to miejsce spotka\u0144 bran\u017cy muzycznej i szansa dla zespo\u0142\u00f3w z ca\u0142ego kraju, by trafi\u0107 do szerokiej publiczno\u015bci. Dyskusje panelowe i warsztaty po\u015bwi\u0119cone najwa\u017cniejszym wyzwaniom gwa\u0142townie zmieniaj\u0105cej si\u0119 bran\u017cy muzycznej.\",\"potentialAction\":[{\"@type\":\"SearchAction\",\"target\":{\"@type\":\"EntryPoint\",\"urlTemplate\":\"https:\/\/greatseptember.pl\/?s={search_term_string}\"},\"query-input\":{\"@type\":\"PropertyValueSpecification\",\"valueRequired\":true,\"valueName\":\"search_term_string\"}}],\"inLanguage\":\"en-US\"}]}<\/script>\n<!-- \/ Yoast SEO plugin. -->","yoast_head_json":{"title":"Places - Great September","robots":{"index":"index","follow":"follow","max-snippet":"max-snippet:-1","max-image-preview":"max-image-preview:large","max-video-preview":"max-video-preview:-1"},"canonical":"https:\/\/greatseptember.pl\/en\/miejsca\/","og_locale":"en_US","og_type":"article","og_title":"Places - Great September","og_url":"https:\/\/greatseptember.pl\/miejsca\/","og_site_name":"Great September","article_modified_time":"2026-03-24T14:16:51+00:00","og_image":[{"url":"https:\/\/greatseptember.pl\/2026\/wp-content\/uploads\/2022\/04\/ikona-facebook-1024x538.jpg","type":"","width":"","height":""}],"twitter_card":"summary_large_image","schema":{"@context":"https:\/\/schema.org","@graph":[{"@type":"WebPage","@id":"https:\/\/greatseptember.pl\/miejsca\/","url":"https:\/\/greatseptember.pl\/miejsca\/","name":"Places - Great September","isPartOf":{"@id":"https:\/\/greatseptember.pl\/#website"},"datePublished":"2026-03-24T14:16:32+00:00","dateModified":"2026-03-24T14:16:51+00:00","breadcrumb":{"@id":"https:\/\/greatseptember.pl\/miejsca\/#breadcrumb"},"inLanguage":"en-US","potentialAction":[{"@type":"ReadAction","target":["https:\/\/greatseptember.pl\/miejsca\/"]}]},{"@type":"BreadcrumbList","@id":"https:\/\/greatseptember.pl\/miejsca\/#breadcrumb","itemListElement":[{"@type":"ListItem","position":1,"name":"Strona g\u0142\u00f3wna","item":"https:\/\/greatseptember.pl\/en\/"},{"@type":"ListItem","position":2,"name":"Places"}]},{"@type":"WebSite","@id":"https:\/\/greatseptember.pl\/#website","url":"https:\/\/greatseptember.pl\/","name":"Great September","description":"Great September to miejsce spotka\u0144 bran\u017cy muzycznej i szansa dla zespo\u0142\u00f3w z ca\u0142ego kraju, by trafi\u0107 do szerokiej publiczno\u015bci. Dyskusje panelowe i warsztaty po\u015bwi\u0119cone najwa\u017cniejszym wyzwaniom gwa\u0142townie zmieniaj\u0105cej si\u0119 bran\u017cy muzycznej.","potentialAction":[{"@type":"SearchAction","target":{"@type":"EntryPoint","urlTemplate":"https:\/\/greatseptember.pl\/?s={search_term_string}"},"query-input":{"@type":"PropertyValueSpecification","valueRequired":true,"valueName":"search_term_string"}}],"inLanguage":"en-US"}]}},"_links":{"self":[{"href":"https:\/\/greatseptember.pl\/en\/wp-json\/wp\/v2\/pages\/3882","targetHints":{"allow":["GET"]}}],"collection":[{"href":"https:\/\/greatseptember.pl\/en\/wp-json\/wp\/v2\/pages"}],"about":[{"href":"https:\/\/greatseptember.pl\/en\/wp-json\/wp\/v2\/types\/page"}],"author":[{"embeddable":true,"href":"https:\/\/greatseptember.pl\/en\/wp-json\/wp\/v2\/users\/1"}],"replies":[{"embeddable":true,"href":"https:\/\/greatseptember.pl\/en\/wp-json\/wp\/v2\/comments?post=3882"}],"version-history":[{"count":2,"href":"https:\/\/greatseptember.pl\/en\/wp-json\/wp\/v2\/pages\/3882\/revisions"}],"predecessor-version":[{"id":3889,"href":"https:\/\/greatseptember.pl\/en\/wp-json\/wp\/v2\/pages\/3882\/revisions\/3889"}],"wp:attachment":[{"href":"https:\/\/greatseptember.pl\/en\/wp-json\/wp\/v2\/media?parent=3882"}],"curies":[{"name":"wp","href":"https:\/\/api.w.org\/{rel}","templated":true}]}}