{"id":3870,"date":"2026-03-24T15:15:42","date_gmt":"2026-03-24T14:15:42","guid":{"rendered":"https:\/\/greatseptember.pl\/2026\/?page_id=3870"},"modified":"2026-03-25T22:41:03","modified_gmt":"2026-03-25T21:41:03","slug":"terms-and-conditions","status":"publish","type":"page","link":"https:\/\/greatseptember.pl\/en\/terms-and-conditions\/","title":{"rendered":"Terms and conditions"},"content":{"rendered":"<p><b>Regulamin<\/b><b> <\/b><b>imprezy<\/b><b> <\/b><b>artystycznej<\/b><b> <\/b><b>Great<\/b><b> <\/b><b>September<\/b><b> 10-12.09.<\/b><b>2026<\/b><b>\u00a0<\/b><b>\u0141\u00f3d\u017a<\/b><b><\/b><\/p>\n<p><b><\/b><b>I. Postanowienia<\/b><b> <\/b><b>og\u00f3lne<\/b><b><\/b><\/p>\n<ol>\n<li>Niniejszy regulamin (zwany dalej: \u201eRegulaminem\u201d), obowi\u0105zuje wszystkie osoby, kt\u00f3re w czasie trwania wydarzenia pod nazw\u0105 &#8220;Great September&#8221; (dalej \u201eWydarzenie\u201d), b\u0119d\u0105 uczestniczy\u0107 w imprezach artystycznych i kulturalnych organizowanych przez Organizatora w ramach Wydarzenia, odbywaj\u0105cych si\u0119 w dniach 11-13 wrze\u015bnia 2025 r. w miejscach na terenie miasta \u0141odzi wskazanych przez Organizatora (dalej jako \u201eImprezy\u201d).<\/li>\n<\/ol>\n<ol start=\"2\">\n<li>Regulamin wydany jest przez organizatora Wydarzenia &#8211; Fundacj\u0119 \u201eIndependent\u201d z siedzib\u0105 przy ul. Alfonsa G\u00f3rnika 3\/5, 40-133 Katowice, wpisan\u0105 do rejestru stowarzysze\u0144, innych organizacji spo\u0142ecznych i zawodowych, fundacji oraz publicznych zak\u0142ad\u00f3w opieki zdrowotnej pod nr KRS 0000299949 (zwan\u0105 dalej: \u201eOrganizatorem\u201d).<\/li>\n<\/ol>\n<ol start=\"3\">\n<li>Celem Regulaminu jest zapewnienie bezpiecze\u0144stwa Wydarzenia i Imprez poprzez okre\u015blenie zasad zachowania si\u0119 os\u00f3b obecnych na Imprezach i korzystania przez nie z terenu, na kt\u00f3rym przeprowadzane jest Wydarzenie i Imprezy, a tak\u017ce urz\u0105dze\u0144, znajduj\u0105cych si\u0119 na terenie Wydarzenia, a ponadto uregulowanie praw i obowi\u0105zk\u00f3w uczestnik\u00f3w Wydarzenia (dalej jako \u201eUczestnicy\u201d) w zwi\u0105zku z nabyciem Biletu.<\/li>\n<\/ol>\n<ol start=\"4\">\n<li>Teren Wydarzenia stanowi\u0105 wyznaczone przez Organizatora miejsca w \u0141odzi, gdzie b\u0119d\u0105 odbywa\u0142y si\u0119 Imprezy. Lokalizacje Imprez oraz ich szczeg\u00f3\u0142owy program i harmonogram b\u0119d\u0105 podawane do publicznej wiadomo\u015bci na stronie internetowej pod adresem greatseptember.pl.<\/li>\n<\/ol>\n<ol start=\"5\">\n<li>Ilekro\u0107 w niniejszym Regulaminie u\u017cywane jest okre\u015blenie \u201eBilet\u201d nale\u017cy przez to rozumie\u0107 indywidualn\u0105 zgod\u0119 na uczestnictwo w Wydarzeniu. Bilet przy dokonaniu wymiany na Identyfikator zostanie odznaczony w systemie elektronicznym, co pozwoli okre\u015bli\u0107, \u017ce Bilet zosta\u0142 wykorzystany oraz uniemo\u017cliwi innej osobie trzeciej ponowne wykorzystanie Biletu w celu dokonania jego wymiany na Identyfikator.<\/li>\n<\/ol>\n<ol start=\"6\">\n<li>Dystrybutorami Bilet\u00f3w s\u0105: eBilet Polska Sp. z o.o. oraz Eventim Sp. z o.o.. Ceny Bilet\u00f3w oraz regulamin ich sprzeda\u017cy dost\u0119pne s\u0105 u Dystrybutor\u00f3w Bilet\u00f3w.<\/li>\n<\/ol>\n<ol start=\"7\">\n<li>Odbywaj\u0105ca si\u0119 w ramach Wydarzenia Impreza na Scenie G\u0142\u00f3wnej mBank\/Mastercard b\u0119dzie mia\u0142a charakter imprezy masowej w rozumieniu ustawy z dnia 20 marca 2009 r. o bezpiecze\u0144stwie imprez masowych. Zasady udzia\u0142u w Imprezie, o kt\u00f3rej mowa w zdaniu poprzedzaj\u0105cym, regulowa\u0107 b\u0119dzie osobny regulamin wydany przez Organizatora na podstawie przepis\u00f3w ustawy z dnia 20 marca 2009 r. o bezpiecze\u0144stwie imprez masowych, z kt\u00f3rym osoby bior\u0105ce udzia\u0142 w tej Imprezie powinny zapozna\u0107 si\u0119 i przestrzega\u0107 jego postanowie\u0144 podczas tej Imprezy. Lokalizacja Sceny G\u0142\u00f3wnej, program oraz harmonogram Imprezy zostan\u0105 podane na stronie internetowej pod adresem greatseptember.pl.<\/li>\n<\/ol>\n<p><b> II. <\/b><b>Wst\u0119p<\/b><b> <\/b><b>na<\/b><b> <\/b><b>Wydarzenie<\/b><b><\/b><\/p>\n<ol>\n<li>Prawo wst\u0119pu na Teren Wydarzenia, z zastrze\u017ceniem ust\u0119p\u00f3w 2-5 poni\u017cej, ma osoba posiadaj\u0105ca przy sobie dokument potwierdzaj\u0105cy to\u017csamo\u015bci oraz kt\u00f3ra przed wej\u015bciem na Teren Wydarzenia wymieni\u0142a Bilet w punkcie opaskowania wskazanym na stronie <a href=\"https:\/\/greatseptember.pl\/2026\/\">www.greatseptember.pl<\/a> na identy\ufb01kator zak\u0142adany na nadgarstek (zwany dalej \u201eIdenty\ufb01katorem\u201d). Ka\u017cdorazowe powt\u00f3rne wej\u015bcie na Teren Wydarzenia przys\u0142uguje tylko Uczestnikom z Identy\ufb01katorem umocowanym trwale na r\u0119ku.<\/li>\n<\/ol>\n<ol start=\"2\">\n<li>Ze wzgl\u0119du na formu\u0142\u0119 Wydarzenia i przeprowadzanie Imprez m. in. w klubach, kt\u00f3re maj\u0105 r\u00f3\u017cne limity uczestnik\u00f3w, je\u015bli liczba os\u00f3b ch\u0119tnych wzi\u0105\u0107 udzia\u0142 w danej Imprezie b\u0119dzie wi\u0119ksza ni\u017c pojemno\u015b\u0107 klubu, wst\u0119p b\u0119dzie odbywa\u0142 si\u0119 na podstawie kolejno\u015bci przybycia.<\/li>\n<li>Wst\u0119p na teren odbywaj\u0105cej si\u0119 w ramach Wydarzenia Imprezy organizowanej na Scenie G\u0142\u00f3wnej mBank\/Mastercard jest wolny, przy czym na terenie tej Imprezy Organizator wyznaczy sektory, na kt\u00f3re wst\u0119p b\u0119d\u0105 mia\u0142y wy\u0142\u0105cznie osoby posiadaj\u0105ce dokument potwierdzaj\u0105cy to\u017csamo\u015b\u0107 oraz Identyfikator umocowany trwale na r\u0119ku. W sprawach nieuregulowanych w regulaminie imprezy masowej, o kt\u00f3rym mowa w art. I ust. 7 Regulaminu, Uczestnik\u00f3w bior\u0105cych udzia\u0142 w tej Imprezie na podstawie Biletu obowi\u0105zuje niniejszy Regulamin.<\/li>\n<\/ol>\n<ol start=\"4\">\n<li>Uczestnikiem mo\u017ce by\u0107 osoba pe\u0142noletnia albo osoba ma\u0142oletnia, kt\u00f3ra uko\u0144czy\u0142a 15 lat. Ma\u0142oletni do 15 roku \u017cycia mo\u017ce by\u0107 Uczestnikiem wy\u0142\u0105cznie pod opiek\u0105 przedstawiciela ustawowego lub innej upowa\u017cnionej osoby doros\u0142ej i na jej wy\u0142\u0105czn\u0105 odpowiedzialno\u015b\u0107, po podpisaniu przez ni\u0105 w punkcie opaskowania o\u015bwiadczenia o ponoszeniu pe\u0142nej odpowiedzialno\u015bci (w tym materialnej) za w\/w osob\u0119 ma\u0142oletni\u0105. Ma\u0142oletni od 15 do 18 roku \u017cycia b\u0119d\u0105cy Uczestnikiem obowi\u0105zany jest posiada\u0107 przy sobie zgod\u0119 wype\u0142nion\u0105 przez rodzica lub jego opiekuna prawnego na udzia\u0142 w Wydarzeniu przez ca\u0142y czas trwania Wydarzenia. Dzieci do lat 10 uprawnione s\u0105\u0328 do wst\u0119pu nieodp\u0142atnie.<\/li>\n<\/ol>\n<ol start=\"5\">\n<li>Zamianie na Identy\ufb01kator podlega wy\u0142\u0105cznie Bilet oryginalny, nabyty od dystrybutora wskazanego w Art. I ust. 6 Regulaminu zgodnie z postanowieniami stosowanego przez niego regulaminu sprzeda\u017cy bilet\u00f3w. Bilet nabyty z naruszeniem postanowie\u0144 niniejszego Regulaminu lub regulaminu dystrybutora Bilet\u00f3w mo\u017ce by\u0107 uniewa\u017cniony przez Organizatora (jego przedstawiciela), bez prawa zwrotu nale\u017cno\u015bci. Zamiana Biletu na Identyfikator dokonywana jest w punktach wymiany zlokalizowanych w miejscach wyznaczonych przez Organizatora. Zamiany Biletu na Identyfikator w punkcie wymiany dokonuje wy\u0142\u0105cznie osoba upowa\u017cniona przez Organizatora poprzez trwa\u0142e umocowanie Uczestnikowi Identyfikatora na r\u0119ku po okazaniu przez Uczestnika wa\u017cnego Biletu i odznaczeniu Biletu w systemie elektronicznym.<\/li>\n<\/ol>\n<ol start=\"6\">\n<li>Wz\u00f3r Identy\ufb01katora ustala Organizator.<\/li>\n<\/ol>\n<ol start=\"7\">\n<li>Z Identy\ufb01katora mo\u017ce korzysta\u0107 tylko jedna osoba. Zakazane jest odst\u0119powanie lub u\u017cyczanie Identy\ufb01katora. Uczestnik obowi\u0105zany jest dba\u0107 o Identy\ufb01kator. Uszkodzenie, zerwanie, zgubienie lub kradzie\u017c Identy\ufb01katora powoduje utrat\u0119 jego wa\u017cno\u015bci, za co odpowiedzialno\u015b\u0107 ponosi Uczestnik.<\/li>\n<\/ol>\n<ol start=\"8\">\n<li>Uczestnik, kt\u00f3ry z wyj\u0105tkowych przyczyn zmuszony jest do \u015bci\u0105gni\u0119cia opaski, ma obowi\u0105zek zg\u0142osi\u0107 ten fakt w momencie wymiany Biletu wst\u0119pu na Identyfikator. W takim wypadku Organizator poinstruuje Uczestnika o procedurze otrzymania nowego Identyfikatora.<\/li>\n<\/ol>\n<ol start=\"9\">\n<li>Bez wzgl\u0119du na spe\u0142nienie powy\u017cszych przes\u0142anek, wst\u0119p na Teren Imprezy nie przys\u0142uguje osobom:<\/li>\n<\/ol>\n<ol>\n<li style=\"list-style-type: none;\">\n<ol>\n<li>osobom odmawiaj\u0105cym poddania si\u0119 czynno\u015bciom sprawdzania i stwierdzania uprawnie\u0144 os\u00f3b do uczestniczenia w Imprezie;<\/li>\n<li>znajduj\u0105cym si\u0119 pod widocznym wp\u0142ywem alkoholu, \u015brodk\u00f3w odurzaj\u0105cych, \u015brodk\u00f3w psychotropowych lub innych podobnie dzia\u0142aj\u0105cych \u015brodk\u00f3w (w tym i lekarstw);<\/li>\n<li>posiadaj\u0105cym bro\u0144 lub inne niebezpieczne przedmioty, materia\u0142y, wyroby, napoje, \u015brodki lub substancje;<\/li>\n<li>zachowuj\u0105cym si\u0119 agresywnie, prowokacyjnie albo w inny spos\u00f3b stwarzaj\u0105cym zagro\u017cenie bezpiecze\u0144stwa lub porz\u0105dku Imprezy;<\/li>\n<li>kt\u00f3rych wygl\u0105d zewn\u0119trzny uniemo\u017cliwia identy\ufb01kacj\u0119;<\/li>\n<li>posiadaj\u0105cym plastikowe lub szklane lub metalowe pojemniki lub puszki itp.;<\/li>\n<li>posiadaj\u0105cym jak\u0105kolwiek \u017cywno\u015b\u0107;<\/li>\n<li>posiadaj\u0105cym inne przedmioty, o kt\u00f3rych mowa w art. IV Regulaminu;<\/li>\n<li>nie posiadaj\u0105cym dokumentu to\u017csamo\u015bci;<\/li>\n<li>posiadaj\u0105cym sel\ufb01e sticks (rodzaj r\u0119cznego statywu, monopodu, pomagaj\u0105cego w wykonywaniu zdj\u0119\u0107 typu sel\ufb01e) lub innego rodzaju statyw;<\/li>\n<li>posiadaj\u0105cych drona (urz\u0105dzenie pilotowane zdalnie lub wykonuj\u0105ce lot autonomicznie, wykorzystywane g\u0142\u00f3wnie do obserwacji lub nagrywania) lub inny obiekt unosz\u0105cy si\u0119 w powietrzu;<\/li>\n<li>posiadaj\u0105cym jakiekolwiek pojazdy (np. rower, skuter, hulajnoga, deskorolka) lub rolki albo wrotki;<\/li>\n<li>nie posiadaj\u0105cym Biletu lub Identy\ufb01katora lub kt\u00f3rym odm\u00f3wiono wymiany Biletu na Identyfikator z przyczyn, o kt\u00f3rych mowa powy\u017cej.<\/li>\n<\/ol>\n<\/li>\n<\/ol>\n<ol start=\"10\">\n<li>Zakupiony Bilet nie podlega zamianie ani zwrotowi.<\/li>\n<\/ol>\n<ol start=\"11\">\n<li>Uczestnik przyjmuje do wiadomo\u015bci i akceptuje, \u017ce z uwagi na charakter Wydarzenia, a w szczeg\u00f3lno\u015bci liczb\u0119 i r\u00f3\u017cnorodno\u015b\u0107 zaplanowanych Imprez, program Wydarzenia lub programy i harmonogramy poszczeg\u00f3lnych Imprez mog\u0105 ulec zmianom z przyczyn niezale\u017cnych od Organizatora.<\/li>\n<\/ol>\n<ol start=\"12\">\n<li>Organizator zastrzega, \u017ce ze wzgl\u0119du na przeprowadzanie Imprezm.in.wklubach wst\u0119p na niekt\u00f3re Imprezy odbywaj\u0105ce si\u0119 w klubach mo\u017ce by\u0107 utrudniony dla os\u00f3b z niepe\u0142nosprawno\u015bciami. Organizator udost\u0119pnia szczeg\u00f3\u0142owe informacje o mo\u017cliwo\u015bci udzia\u0142u os\u00f3b z niepe\u0142nosprawno\u015bciami w danej Imprezie w poszczeg\u00f3lnych klubach drog\u0105 mailow\u0105 pod adresem: <a href=\"mailto:info@greatseptember.pl\">info@greatseptember.pl<\/a>.<\/li>\n<\/ol>\n<ol start=\"13\">\n<li>Organizator jest uprawniony do zmiany miejsca danej Imprezy z przyczyn niezale\u017cnych od Organizatora, w tym w przypadkach, gdy jest to konieczne ze wzgl\u0119du bezpiecze\u0144stwa Uczestnik\u00f3w.<\/li>\n<\/ol>\n<p><b> III. <\/b><b>Nieodp\u0142atny<\/b><b> <\/b><b>wst\u0119p<\/b><b> <\/b><b>na<\/b><b> <\/b><b>Wydarzenie<\/b><b><\/b><\/p>\n<ol>\n<li>W przypadku Uczestnika b\u0119d\u0105cego osob\u0105 niepe\u0142nosprawn\u0105 ruchowo b\u0105d\u017a niewidom\u0105 \/ niedowidz\u0105c\u0105, opiekun konieczny takiego Uczestnika uprawniony jest do wst\u0119pu na teren Wydarzenia nieodp\u0142atnie. W jednym dniu Imprezy prawo nieodp\u0142atnego wst\u0119pu przys\u0142uguje tylko jednemu opiekunowi bez prawa zmiany osoby opiekuna w tym dniu Wydarzenia.<\/li>\n<\/ol>\n<ol start=\"2\">\n<li>Organizator zastrzega sobie prawo do wery\ufb01kacji niepe\u0142nosprawno\u015bci w oparciu o orzeczenie o niepe\u0142nosprawno\u015bci, legitymacj\u0119 lub kart\u0119 parkingow\u0105 oraz dokument potwierdzaj\u0105cy to\u017csamo\u015b\u0107 wraz z wizerunkiem twarzy (np. dow\u00f3d osobisty, paszport).<\/li>\n<\/ol>\n<ol start=\"3\">\n<li>Dzieci do lat 10 uprawnione s\u0105 do wst\u0119pu nieodp\u0142atnie, jednak wy\u0142\u0105cznie pod opiek\u0105 przedstawiciela ustawowego lub innej upowa\u017cnionej osoby doros\u0142ej i na jej wy\u0142\u0105czn\u0105 odpowiedzialno\u015b\u0107, po podpisaniu przez ni\u0105 przed pierwszym wej\u015bciem na Imprez\u0119 o\u015bwiadczenia o ponoszeniu pe\u0142nej odpowiedzialno\u015bci (w tym materialnej) za w\/w osob\u0119 ma\u0142oletni\u0105.<\/li>\n<\/ol>\n<ol start=\"4\">\n<li>Organizator zastrzega sobie prawo do wery\ufb01kacji wieku oraz danych dziecka oraz danych opiekuna prawnego w oparciu o dokumenty potwierdzaj\u0105ce ich to\u017csamo\u015b\u0107 wraz z wizerunkiem twarzy (np. dow\u00f3d osobisty, paszport, legitymacja szkolna).<\/li>\n<\/ol>\n<p><b> IV. <\/b><b>Bezpiecze\u0144stwo<\/b><b> <\/b><b>i<\/b><b> <\/b><b>zasady<\/b><b> <\/b><b>porz\u0105dkowe<\/b><b><\/b><\/p>\n<ol>\n<li>Uczestnicy Wydarzenia oraz wszystkie inne osoby, kt\u00f3re znajduj\u0105 si\u0119 na Terenie Wydarzenia zobowi\u0105zane s\u0105 zachowywa\u0107 si\u0119 w spos\u00f3b niezagra\u017caj\u0105cy bezpiecze\u0144stwu innych os\u00f3b, a w szczeg\u00f3lno\u015bci przestrzega\u0107 postanowie\u0144 Regulaminu. Odmowa zastosowania si\u0119 do ich polece\u0144 mo\u017ce wynika\u0107 wy\u0142\u0105cznie z uwagi na ich sprzeczno\u015b\u0107 z powszechnie obowi\u0105zuj\u0105cymi przepisami prawa.<\/li>\n<\/ol>\n<ol start=\"2\">\n<li>Zabrania si\u0119 wnoszenia na Wydarzenie i posiadania przez Uczestnik\u00f3w w trakcie Wydarzenia materia\u0142\u00f3w wybuchowych, wyrob\u00f3w pirotechnicznych, materia\u0142\u00f3w po\u017carowo niebezpiecznych, napoj\u00f3w alkoholowych, \u015brodk\u00f3w odurzaj\u0105cych lub substancji psychotropowych.<\/li>\n<\/ol>\n<ol start=\"3\">\n<li>Osobom, kt\u00f3rym odm\u00f3wiono wst\u0119pu na Wydarzenie lub przebywania na Wydarzeniu oraz osobom usuni\u0119tym z Terenu Wydarzenia z przyczyn okre\u015blonych w Regulaminie, nie przys\u0142uguje prawo zwrotu nale\u017cno\u015bci za Bilet.<\/li>\n<\/ol>\n<ol start=\"4\">\n<li>Uczestnik nie jest uprawniony do wst\u0119pu na sceny, zaplecze scen, na teren stoisk handlowych i gastronomicznych w cz\u0119\u015bci przeznaczonej dla sprzedawc\u00f3w, do pomieszcze\u0144 S\u0142u\u017cb Porz\u0105dkowych lub pomieszcze\u0144 przeznaczonych dla medi\u00f3w.<\/li>\n<\/ol>\n<ol start=\"5\">\n<li>Zakazane jest prowadzenie bez autoryzacji Organizatora jakiejkolwiek dzia\u0142alno\u015bci us\u0142ugowej, handlowej lub innej zarobkowej na Terenie Wydarzenia.<\/li>\n<\/ol>\n<ol start=\"6\">\n<li>Zabrania si\u0119 wnoszenia i posiadania w trakcie Wydarzenia teleobiektyw\u00f3w powy\u017cej 200 mm, kamer telewizyjnych i video. Tylko upowa\u017cnieni dziennikarze i fotografowie maj\u0105 mo\u017cliwo\u015b\u0107 robienia zdj\u0119\u0107 aparatami z teleobiektywem powy\u017cej 200 mm podczas trwania Wydarzenia. Nagrywanie video b\u0105d\u017a innego formatu (Dv, Dv Cam, Beta i inne) jest zabronione, z wyj\u0105tkiem os\u00f3b do tego upowa\u017cnionych i posiadaj\u0105ce odpowiednie zezwolenia (akredytacje).<\/li>\n<\/ol>\n<ol start=\"7\">\n<li>Du\u017ce nat\u0119\u017cenie d\u017awi\u0119k\u00f3w, u\u017cywanie \u015bwiate\u0142 stroboskopowych i liczba uczestnik\u00f3w na Terenie Wydarzenia mog\u0105 by\u0107 niebezpieczne dla kobiet w ci\u0105\u017cy, os\u00f3b z wysokim ci\u015bnieniem krwi, schorzeniami serca, dla os\u00f3b starszych, os\u00f3b ze schorzeniami narz\u0105d\u00f3w ruchu, os\u00f3b cierpi\u0105cych na epilepsj\u0119 lub os\u00f3b z innymi schorzeniami lub os\u00f3b os\u0142abionych. Te osoby nie powinny uczestniczy\u0107 w Wydarzeniu bez uzyskania zgody lekarza. W celu przeciwdzia\u0142ania negatywnym skutkom d\u017awi\u0119ku zalecane jest noszenie s\u0142uchawek wyg\u0142uszaj\u0105cych d\u017awi\u0119k. Podczas Imprez b\u0119d\u0105 stosowane \u015bwiat\u0142a stroboskopowe co mo\u017ce stanowi\u0107 zagro\u017cenie dla os\u00f3b chorych na epilepsj\u0119.<\/li>\n<\/ol>\n<p><b> V. <\/b><b>Rejestracja<\/b><b> <\/b><b>przebiegu<\/b><b> <\/b><b>Wydarzenia<\/b><b><\/b><\/p>\n<ol>\n<li>Organizator i Sponsorzy s\u0105 uprawnieni do utrwalania i rozpowszechniania przebiegu Wydarzenia zar\u00f3wno w formie audiowizualnej (na potrzeby dziennikarskiej formy wiadomo\u015bci lub wywiadu, \ufb01lmu dokumentalnego lub artystycznego b\u0105d\u017a teledysku), jak i wizualnej (na potrzeby fotogra\ufb01i dokumentalnej i artystycznej) dla cel\u00f3w dokumentacji, jak i promocji lub reklamy. Organizator uprzedza ponadto, \u017ce Wydarzenie mo\u017ce by\u0107 \ufb01lmowane, fotografowane, transmitowane i nagrywane na no\u015bniki w ramach audycji telewizyjnych, radiowych, internetowych i innych publicznych transmisji wed\u0142ug dowolnej aktualnej metody technicznej.<\/li>\n<\/ol>\n<ol start=\"2\">\n<li>W przypadku, gdy w zwi\u0105zku z powy\u017cszym utrwalony zostanie wizerunek przebywaj\u0105cego na Terenie Wydarzenia Uczestnika, mo\u017ce on zosta\u0107 rozpowszechniany wy\u0142\u0105cznie przypadkach i na zasadach wskazanych w tre\u015bci art. 81 ustawy z dnia 4 lutego 1994 r. o prawie autorskim i prawach pokrewnych. Inne wykorzystanie wizerunku Uczestnika, wykraczaj\u0105ce poza uprawnienia wynikaj\u0105ce z obowi\u0105zuj\u0105cych przepis\u00f3w, wymaga udzielenia przez niego indywidualnej, wyra\u017anej zgody.<\/li>\n<\/ol>\n<p><b> VI. <\/b><b>Postanowienia<\/b><b> <\/b><b>ko\u0144cowe<\/b><b><\/b><\/p>\n<ol>\n<li>Wszelkie prawa do nazwy i logo Wydarzenia s\u0105 zastrze\u017cone na rzecz Organizatora. O\ufb01cjalne programy i gad\u017cety dotycz\u0105ce Wydarzenia b\u0119d\u0105 sprzedawane wy\u0142\u0105cznie na Terenie Wydarzenia lub w autoryzowanych przez Organizatora punktach sprzeda\u017cy.<\/li>\n<\/ol>\n<ol start=\"2\">\n<li>Status sponsora Wydarzenia przyznaje wy\u0142\u0105cznie Organizator.<\/li>\n<\/ol>\n<ol start=\"3\">\n<li>Organizatorowi przys\u0142uguje prawo do zmiany niniejszego regulaminu w przypadkach, gdy jest to konieczne z uwagi na zmiany w obowi\u0105zuj\u0105cych przepisach prawa, z uwagi na pojawienie si\u0119 istotnych okoliczno\u015bci, kt\u00f3re powsta\u0142y po podaniu Regulaminu do publicznej wiadomo\u015bci lub o ile konieczno\u015b\u0107 wprowadzenia zmian uzasadniona jest wzgl\u0119dami zdrowia i bezpiecze\u0144stwa Uczestnik\u00f3w.<\/li>\n<\/ol>\n<ol start=\"4\">\n<li>Organizator nie ponosi odpowiedzialno\u015bci za skutki dzia\u0142ania Si\u0142y Wy\u017cszej.<\/li>\n<\/ol>\n<ol start=\"5\">\n<li>Niniejszy Regulamin jest dost\u0119pny na stronie internetowej Wydarzenia: <a href=\"https:\/\/greatseptember.pl\/2026\/\">www.greatseptember.pl<\/a> oraz w festiwalowych punktach informacyjnych.<\/li>\n<\/ol>\n<ol start=\"6\">\n<li>W sprawach nieuregulowanych w Regulaminie stosuje si\u0119 przepisy obowi\u0105zuj\u0105cego prawa.<\/li>\n<\/ol>\n<ol start=\"7\">\n<li>Niniejszy Regulamin obowi\u0105zuje od dnia 26.05.2026 r.<\/li>\n<\/ol>\n","protected":false},"excerpt":{"rendered":"<p>Regulamin imprezy artystycznej Great September 10-12.09.2026\u00a0\u0141\u00f3d\u017a I. Postanowienia og\u00f3lne Niniejszy regulamin (zwany dalej: \u201eRegulaminem\u201d), obowi\u0105zuje wszystkie osoby, kt\u00f3re w czasie [&hellip;]<\/p>\n","protected":false},"author":1,"featured_media":0,"parent":0,"menu_order":0,"comment_status":"closed","ping_status":"closed","template":"","meta":{"_monsterinsights_skip_tracking":false,"_monsterinsights_sitenote_active":false,"_monsterinsights_sitenote_note":"","_monsterinsights_sitenote_category":0,"footnotes":""},"class_list":["post-3870","page","type-page","status-publish","hentry"],"acf":[],"yoast_head":"<!-- This site is optimized with the Yoast SEO plugin v27.2 - https:\/\/yoast.com\/product\/yoast-seo-wordpress\/ -->\n<title>Terms and conditions - Great September<\/title>\n<meta name=\"robots\" content=\"index, follow, max-snippet:-1, max-image-preview:large, max-video-preview:-1\" \/>\n<link rel=\"canonical\" href=\"https:\/\/greatseptember.pl\/en\/terms-and-conditions\/\" \/>\n<meta property=\"og:locale\" content=\"en_US\" \/>\n<meta property=\"og:type\" content=\"article\" \/>\n<meta property=\"og:title\" content=\"Terms and conditions - Great September\" \/>\n<meta property=\"og:description\" content=\"Regulamin imprezy artystycznej Great September 10-12.09.2026\u00a0\u0141\u00f3d\u017a I. Postanowienia og\u00f3lne Niniejszy regulamin (zwany dalej: \u201eRegulaminem\u201d), obowi\u0105zuje wszystkie osoby, kt\u00f3re w czasie [&hellip;]\" \/>\n<meta property=\"og:url\" content=\"https:\/\/greatseptember.pl\/en\/terms-and-conditions\/\" \/>\n<meta property=\"og:site_name\" content=\"Great September\" \/>\n<meta property=\"article:modified_time\" content=\"2026-03-25T21:41:03+00:00\" \/>\n<meta name=\"twitter:card\" content=\"summary_large_image\" \/>\n<meta name=\"twitter:label1\" content=\"Est. reading time\" \/>\n\t<meta name=\"twitter:data1\" content=\"11 minutes\" \/>\n<script type=\"application\/ld+json\" class=\"yoast-schema-graph\">{\"@context\":\"https:\/\/schema.org\",\"@graph\":[{\"@type\":\"WebPage\",\"@id\":\"https:\/\/greatseptember.pl\/en\/terms-and-conditions\/\",\"url\":\"https:\/\/greatseptember.pl\/en\/terms-and-conditions\/\",\"name\":\"Terms and conditions - Great September\",\"isPartOf\":{\"@id\":\"https:\/\/greatseptember.pl\/#website\"},\"datePublished\":\"2026-03-24T14:15:42+00:00\",\"dateModified\":\"2026-03-25T21:41:03+00:00\",\"breadcrumb\":{\"@id\":\"https:\/\/greatseptember.pl\/en\/terms-and-conditions\/#breadcrumb\"},\"inLanguage\":\"en-US\",\"potentialAction\":[{\"@type\":\"ReadAction\",\"target\":[\"https:\/\/greatseptember.pl\/en\/terms-and-conditions\/\"]}]},{\"@type\":\"BreadcrumbList\",\"@id\":\"https:\/\/greatseptember.pl\/en\/terms-and-conditions\/#breadcrumb\",\"itemListElement\":[{\"@type\":\"ListItem\",\"position\":1,\"name\":\"Strona g\u0142\u00f3wna\",\"item\":\"https:\/\/greatseptember.pl\/en\/\"},{\"@type\":\"ListItem\",\"position\":2,\"name\":\"Terms and conditions\"}]},{\"@type\":\"WebSite\",\"@id\":\"https:\/\/greatseptember.pl\/#website\",\"url\":\"https:\/\/greatseptember.pl\/\",\"name\":\"Great September\",\"description\":\"Great September to miejsce spotka\u0144 bran\u017cy muzycznej i szansa dla zespo\u0142\u00f3w z ca\u0142ego kraju, by trafi\u0107 do szerokiej publiczno\u015bci. Dyskusje panelowe i warsztaty po\u015bwi\u0119cone najwa\u017cniejszym wyzwaniom gwa\u0142townie zmieniaj\u0105cej si\u0119 bran\u017cy muzycznej.\",\"potentialAction\":[{\"@type\":\"SearchAction\",\"target\":{\"@type\":\"EntryPoint\",\"urlTemplate\":\"https:\/\/greatseptember.pl\/?s={search_term_string}\"},\"query-input\":{\"@type\":\"PropertyValueSpecification\",\"valueRequired\":true,\"valueName\":\"search_term_string\"}}],\"inLanguage\":\"en-US\"}]}<\/script>\n<!-- \/ Yoast SEO plugin. -->","yoast_head_json":{"title":"Terms and conditions - Great September","robots":{"index":"index","follow":"follow","max-snippet":"max-snippet:-1","max-image-preview":"max-image-preview:large","max-video-preview":"max-video-preview:-1"},"canonical":"https:\/\/greatseptember.pl\/en\/terms-and-conditions\/","og_locale":"en_US","og_type":"article","og_title":"Terms and conditions - Great September","og_description":"Regulamin imprezy artystycznej Great September 10-12.09.2026\u00a0\u0141\u00f3d\u017a I. Postanowienia og\u00f3lne Niniejszy regulamin (zwany dalej: \u201eRegulaminem\u201d), obowi\u0105zuje wszystkie osoby, kt\u00f3re w czasie [&hellip;]","og_url":"https:\/\/greatseptember.pl\/en\/terms-and-conditions\/","og_site_name":"Great September","article_modified_time":"2026-03-25T21:41:03+00:00","twitter_card":"summary_large_image","twitter_misc":{"Est. reading time":"11 minutes"},"schema":{"@context":"https:\/\/schema.org","@graph":[{"@type":"WebPage","@id":"https:\/\/greatseptember.pl\/en\/terms-and-conditions\/","url":"https:\/\/greatseptember.pl\/en\/terms-and-conditions\/","name":"Terms and conditions - Great September","isPartOf":{"@id":"https:\/\/greatseptember.pl\/#website"},"datePublished":"2026-03-24T14:15:42+00:00","dateModified":"2026-03-25T21:41:03+00:00","breadcrumb":{"@id":"https:\/\/greatseptember.pl\/en\/terms-and-conditions\/#breadcrumb"},"inLanguage":"en-US","potentialAction":[{"@type":"ReadAction","target":["https:\/\/greatseptember.pl\/en\/terms-and-conditions\/"]}]},{"@type":"BreadcrumbList","@id":"https:\/\/greatseptember.pl\/en\/terms-and-conditions\/#breadcrumb","itemListElement":[{"@type":"ListItem","position":1,"name":"Strona g\u0142\u00f3wna","item":"https:\/\/greatseptember.pl\/en\/"},{"@type":"ListItem","position":2,"name":"Terms and conditions"}]},{"@type":"WebSite","@id":"https:\/\/greatseptember.pl\/#website","url":"https:\/\/greatseptember.pl\/","name":"Great September","description":"Great September to miejsce spotka\u0144 bran\u017cy muzycznej i szansa dla zespo\u0142\u00f3w z ca\u0142ego kraju, by trafi\u0107 do szerokiej publiczno\u015bci. Dyskusje panelowe i warsztaty po\u015bwi\u0119cone najwa\u017cniejszym wyzwaniom gwa\u0142townie zmieniaj\u0105cej si\u0119 bran\u017cy muzycznej.","potentialAction":[{"@type":"SearchAction","target":{"@type":"EntryPoint","urlTemplate":"https:\/\/greatseptember.pl\/?s={search_term_string}"},"query-input":{"@type":"PropertyValueSpecification","valueRequired":true,"valueName":"search_term_string"}}],"inLanguage":"en-US"}]}},"_links":{"self":[{"href":"https:\/\/greatseptember.pl\/en\/wp-json\/wp\/v2\/pages\/3870","targetHints":{"allow":["GET"]}}],"collection":[{"href":"https:\/\/greatseptember.pl\/en\/wp-json\/wp\/v2\/pages"}],"about":[{"href":"https:\/\/greatseptember.pl\/en\/wp-json\/wp\/v2\/types\/page"}],"author":[{"embeddable":true,"href":"https:\/\/greatseptember.pl\/en\/wp-json\/wp\/v2\/users\/1"}],"replies":[{"embeddable":true,"href":"https:\/\/greatseptember.pl\/en\/wp-json\/wp\/v2\/comments?post=3870"}],"version-history":[{"count":3,"href":"https:\/\/greatseptember.pl\/en\/wp-json\/wp\/v2\/pages\/3870\/revisions"}],"predecessor-version":[{"id":4042,"href":"https:\/\/greatseptember.pl\/en\/wp-json\/wp\/v2\/pages\/3870\/revisions\/4042"}],"wp:attachment":[{"href":"https:\/\/greatseptember.pl\/en\/wp-json\/wp\/v2\/media?parent=3870"}],"curies":[{"name":"wp","href":"https:\/\/api.w.org\/{rel}","templated":true}]}}