{"id":7,"date":"2022-03-23T14:00:53","date_gmt":"2022-03-23T13:00:53","guid":{"rendered":"https:\/\/greatseptember.pl\/www\/?page_id=7"},"modified":"2022-04-15T11:14:42","modified_gmt":"2022-04-15T09:14:42","slug":"artysci","status":"publish","type":"page","link":"https:\/\/greatseptember.pl\/2022\/artysci\/","title":{"rendered":"Arty\u015bci"},"content":{"rendered":"","protected":false},"excerpt":{"rendered":"","protected":false},"author":1,"featured_media":0,"parent":0,"menu_order":0,"comment_status":"closed","ping_status":"closed","template":"templates\/artysci.php","meta":{"_mi_skip_tracking":false,"footnotes":""},"class_list":["post-7","page","type-page","status-publish","hentry"],"acf":[],"yoast_head":"<!-- This site is optimized with the Yoast SEO plugin v18.5.1 - https:\/\/yoast.com\/wordpress\/plugins\/seo\/ -->\n<title>Arty\u015bci - Great September<\/title>\n<meta name=\"robots\" content=\"noindex, follow, max-snippet:-1, max-image-preview:large, max-video-preview:-1\" \/>\n<meta property=\"og:locale\" content=\"pl_PL\" \/>\n<meta property=\"og:type\" content=\"article\" \/>\n<meta property=\"og:title\" content=\"Arty\u015bci - Great September\" \/>\n<meta property=\"og:url\" content=\"https:\/\/greatseptember.pl\/2022\/artysci\/\" \/>\n<meta property=\"og:site_name\" content=\"Great September\" \/>\n<meta property=\"article:modified_time\" content=\"2022-04-15T09:14:42+00:00\" \/>\n<meta property=\"og:image\" content=\"https:\/\/greatseptember.pl\/2022\/wp-content\/uploads\/2022\/04\/ikona-facebook.jpg\" \/>\n\t<meta property=\"og:image:width\" content=\"1200\" \/>\n\t<meta property=\"og:image:height\" content=\"630\" \/>\n\t<meta property=\"og:image:type\" content=\"image\/jpeg\" \/>\n<meta name=\"twitter:card\" content=\"summary_large_image\" \/>\n<script type=\"application\/ld+json\" class=\"yoast-schema-graph\">{\"@context\":\"https:\/\/schema.org\",\"@graph\":[{\"@type\":\"WebSite\",\"@id\":\"https:\/\/greatseptember.pl\/2022\/#website\",\"url\":\"https:\/\/greatseptember.pl\/2022\/\",\"name\":\"Great September\",\"description\":\"Great September to miejsce spotka\u0144 bran\u017cy muzycznej i szansa dla zespo\u0142\u00f3w z ca\u0142ego kraju, by trafi\u0107 do szerokiej publiczno\u015bci. Dyskusje panelowe i warsztaty po\u015bwi\u0119cone najwa\u017cniejszym wyzwaniom gwa\u0142townie zmieniaj\u0105cej si\u0119 bran\u017cy muzycznej.\",\"potentialAction\":[{\"@type\":\"SearchAction\",\"target\":{\"@type\":\"EntryPoint\",\"urlTemplate\":\"https:\/\/greatseptember.pl\/2022\/?s={search_term_string}\"},\"query-input\":\"required name=search_term_string\"}],\"inLanguage\":\"pl-PL\"},{\"@type\":\"ImageObject\",\"@id\":\"https:\/\/greatseptember.pl\/2022\/artysci\/#primaryimage\",\"inLanguage\":\"pl-PL\",\"url\":\"https:\/\/greatseptember.pl\/2022\/wp-content\/uploads\/2022\/04\/ikona-facebook.jpg\",\"contentUrl\":\"https:\/\/greatseptember.pl\/2022\/wp-content\/uploads\/2022\/04\/ikona-facebook.jpg\",\"width\":1200,\"height\":630},{\"@type\":\"WebPage\",\"@id\":\"https:\/\/greatseptember.pl\/2022\/artysci\/#webpage\",\"url\":\"https:\/\/greatseptember.pl\/2022\/artysci\/\",\"name\":\"Arty\u015bci - Great September\",\"isPartOf\":{\"@id\":\"https:\/\/greatseptember.pl\/2022\/#website\"},\"datePublished\":\"2022-03-23T13:00:53+00:00\",\"dateModified\":\"2022-04-15T09:14:42+00:00\",\"breadcrumb\":{\"@id\":\"https:\/\/greatseptember.pl\/2022\/artysci\/#breadcrumb\"},\"inLanguage\":\"pl-PL\",\"potentialAction\":[{\"@type\":\"ReadAction\",\"target\":[\"https:\/\/greatseptember.pl\/2022\/artysci\/\"]}]},{\"@type\":\"BreadcrumbList\",\"@id\":\"https:\/\/greatseptember.pl\/2022\/artysci\/#breadcrumb\",\"itemListElement\":[{\"@type\":\"ListItem\",\"position\":1,\"name\":\"Strona g\u0142\u00f3wna\",\"item\":\"https:\/\/greatseptember.pl\/2022\/\"},{\"@type\":\"ListItem\",\"position\":2,\"name\":\"Arty\u015bci\"}]}]}<\/script>\n<!-- \/ Yoast SEO plugin. -->","yoast_head_json":{"title":"Arty\u015bci - Great September","robots":{"index":"noindex","follow":"follow","max-snippet":"max-snippet:-1","max-image-preview":"max-image-preview:large","max-video-preview":"max-video-preview:-1"},"og_locale":"pl_PL","og_type":"article","og_title":"Arty\u015bci - Great September","og_url":"https:\/\/greatseptember.pl\/2022\/artysci\/","og_site_name":"Great September","article_modified_time":"2022-04-15T09:14:42+00:00","og_image":[{"width":1200,"height":630,"url":"https:\/\/greatseptember.pl\/2022\/wp-content\/uploads\/2022\/04\/ikona-facebook.jpg","type":"image\/jpeg"}],"twitter_card":"summary_large_image","schema":{"@context":"https:\/\/schema.org","@graph":[{"@type":"WebSite","@id":"https:\/\/greatseptember.pl\/2022\/#website","url":"https:\/\/greatseptember.pl\/2022\/","name":"Great September","description":"Great September to miejsce spotka\u0144 bran\u017cy muzycznej i szansa dla zespo\u0142\u00f3w z ca\u0142ego kraju, by trafi\u0107 do szerokiej publiczno\u015bci. Dyskusje panelowe i warsztaty po\u015bwi\u0119cone najwa\u017cniejszym wyzwaniom gwa\u0142townie zmieniaj\u0105cej si\u0119 bran\u017cy muzycznej.","potentialAction":[{"@type":"SearchAction","target":{"@type":"EntryPoint","urlTemplate":"https:\/\/greatseptember.pl\/2022\/?s={search_term_string}"},"query-input":"required name=search_term_string"}],"inLanguage":"pl-PL"},{"@type":"ImageObject","@id":"https:\/\/greatseptember.pl\/2022\/artysci\/#primaryimage","inLanguage":"pl-PL","url":"https:\/\/greatseptember.pl\/2022\/wp-content\/uploads\/2022\/04\/ikona-facebook.jpg","contentUrl":"https:\/\/greatseptember.pl\/2022\/wp-content\/uploads\/2022\/04\/ikona-facebook.jpg","width":1200,"height":630},{"@type":"WebPage","@id":"https:\/\/greatseptember.pl\/2022\/artysci\/#webpage","url":"https:\/\/greatseptember.pl\/2022\/artysci\/","name":"Arty\u015bci - Great September","isPartOf":{"@id":"https:\/\/greatseptember.pl\/2022\/#website"},"datePublished":"2022-03-23T13:00:53+00:00","dateModified":"2022-04-15T09:14:42+00:00","breadcrumb":{"@id":"https:\/\/greatseptember.pl\/2022\/artysci\/#breadcrumb"},"inLanguage":"pl-PL","potentialAction":[{"@type":"ReadAction","target":["https:\/\/greatseptember.pl\/2022\/artysci\/"]}]},{"@type":"BreadcrumbList","@id":"https:\/\/greatseptember.pl\/2022\/artysci\/#breadcrumb","itemListElement":[{"@type":"ListItem","position":1,"name":"Strona g\u0142\u00f3wna","item":"https:\/\/greatseptember.pl\/2022\/"},{"@type":"ListItem","position":2,"name":"Arty\u015bci"}]}]}},"_links":{"self":[{"href":"https:\/\/greatseptember.pl\/2022\/wp-json\/wp\/v2\/pages\/7","targetHints":{"allow":["GET"]}}],"collection":[{"href":"https:\/\/greatseptember.pl\/2022\/wp-json\/wp\/v2\/pages"}],"about":[{"href":"https:\/\/greatseptember.pl\/2022\/wp-json\/wp\/v2\/types\/page"}],"author":[{"embeddable":true,"href":"https:\/\/greatseptember.pl\/2022\/wp-json\/wp\/v2\/users\/1"}],"replies":[{"embeddable":true,"href":"https:\/\/greatseptember.pl\/2022\/wp-json\/wp\/v2\/comments?post=7"}],"version-history":[{"count":1,"href":"https:\/\/greatseptember.pl\/2022\/wp-json\/wp\/v2\/pages\/7\/revisions"}],"predecessor-version":[{"id":8,"href":"https:\/\/greatseptember.pl\/2022\/wp-json\/wp\/v2\/pages\/7\/revisions\/8"}],"wp:attachment":[{"href":"https:\/\/greatseptember.pl\/2022\/wp-json\/wp\/v2\/media?parent=7"}],"curies":[{"name":"wp","href":"https:\/\/api.w.org\/{rel}","templated":true}]}}